{"id":84,"date":"2019-02-09T11:32:48","date_gmt":"2019-02-09T11:32:48","guid":{"rendered":"https:\/\/cree-inter.net\/gare\/?page_id=84"},"modified":"2019-02-09T11:33:16","modified_gmt":"2019-02-09T11:33:16","slug":"nature-des-informations-et-ressources-proposees","status":"publish","type":"page","link":"https:\/\/cree-inter.net\/gare\/index.php\/mots\/nature-des-informations-et-ressources-proposees\/","title":{"rendered":"Nature des informations et ressources propos\u00e9es"},"content":{"rendered":"\n<p>Les ressources propos\u00e9es sont de trois ordres&nbsp;: d\u2019abord une <strong>base documentaire<\/strong> qui propose plus de\n500 \u00e9l\u00e9ments class\u00e9s en documents officiels et scientifiques. Les documents\nofficiels sont des compilations de lois et de textes r\u00e9glementaires, de\ndirectives et de guides mise en \u0153uvre et de rapports relatifs \u00e0 la mise en\n\u0153uvre de la GAR dans les organisations internationales et dans les pays leaders\nen mati\u00e8re de GAR. Les documents scientifiques sont class\u00e9s en articles,\ncommunication, base bibliographique, dossiers, rapports de recherche, th\u00e8ses et\nm\u00e9moires et actes de congr\u00e8s.<\/p>\n\n\n\n<p>Ensuite, <strong>une s\u00e9rie de textes de\nsynth\u00e8se<\/strong> qui font une pr\u00e9sentation de l\u2019historique de la GAR et de sa mise\nen \u0153uvre dans les politiques \u00e9ducatives, les \u00e9tablissements d\u2019enseignement et\nles pratiques des acteurs de l\u2019\u00e9ducation. Ces textes contiennent chacun une\nd\u00e9finition de concept, les implications de la GAR en rapport l\u2019une des trois\nth\u00e9matiques (politiques, \u00e9tablissement et acteurs) et des exemples contextualis\u00e9s.<\/p>\n\n\n\n<p>\u00c9galement, le portail propose <strong>des\noutils de communication (FAQ, forum, nous joindre)<\/strong> qui permettent des\ninteractions aussi bien entre les promoteurs du portail et les utilisateurs\nqu\u2019entre ces derniers. En plus de la possibilit\u00e9 de poster des commentaires et\nde poser des questions sur les forums, les visiteurs du site soucieux de\ncontribuer \u00e0 l\u2019enrichissement de la base de connaissance peuvent poster\/partager\ndes documents ou des liens dans l\u2019onglet publication. <\/p>\n\n\n\n<p>Enfin, le portail propose un <strong>fil d\u2019actualit\u00e9<\/strong>\net <strong>une infolettre.<\/strong> Le fil\nd\u2019actualit\u00e9 permet d\u2019ajouter les liens internet vers les nouveaux articles et\nvolumes relatifs \u00e0 la GAR publi\u00e9s, les nouveaux documents ajout\u00e9s \u00e0 base documentaire\net d\u2019autres informations relatives \u00e0 la GAR. L\u2019infolettre fait le point sur les\n\u00e9volutions et les nouvelles ressources de la GAR\u00c9 tous les trimestres (ou\nsemestre). Des interviews et des m\u00e9moires de chercheurs et de praticiens y seront\n\u00e9galement publi\u00e9s.<\/p>\n\n\n\n<p>Les diff\u00e9rents documents propos\u00e9s sont sous forme de textes (PDF, HTML),\nde podcast (audio et vid\u00e9os) et de liens hypertextes qui donnent acc\u00e8s \u00e0 des\nressources compl\u00e9mentaires.<\/p>\n","protected":false},"excerpt":{"rendered":"<p>Les ressources propos\u00e9es sont de trois ordres&nbsp;: d\u2019abord une base documentaire qui propose plus de 500 \u00e9l\u00e9ments class\u00e9s en documents officiels et scientifiques. Les documents officiels sont des compilations de lois et de textes r\u00e9glementaires, de directives et de guides &hellip;<\/p>\n<p><a href=\"https:\/\/cree-inter.net\/gare\/index.php\/mots\/nature-des-informations-et-ressources-proposees\/\">Continue Reading<span class=\"meta-nav\">&rarr;<\/span><\/a><\/p>\n","protected":false},"author":3,"featured_media":0,"parent":28,"menu_order":0,"comment_status":"closed","ping_status":"closed","template":"","meta":{"footnotes":""},"class_list":["post-84","page","type-page","status-publish","hentry"],"_links":{"self":[{"href":"https:\/\/cree-inter.net\/gare\/index.php\/wp-json\/wp\/v2\/pages\/84","targetHints":{"allow":["GET"]}}],"collection":[{"href":"https:\/\/cree-inter.net\/gare\/index.php\/wp-json\/wp\/v2\/pages"}],"about":[{"href":"https:\/\/cree-inter.net\/gare\/index.php\/wp-json\/wp\/v2\/types\/page"}],"author":[{"embeddable":true,"href":"https:\/\/cree-inter.net\/gare\/index.php\/wp-json\/wp\/v2\/users\/3"}],"replies":[{"embeddable":true,"href":"https:\/\/cree-inter.net\/gare\/index.php\/wp-json\/wp\/v2\/comments?post=84"}],"version-history":[{"count":1,"href":"https:\/\/cree-inter.net\/gare\/index.php\/wp-json\/wp\/v2\/pages\/84\/revisions"}],"predecessor-version":[{"id":85,"href":"https:\/\/cree-inter.net\/gare\/index.php\/wp-json\/wp\/v2\/pages\/84\/revisions\/85"}],"up":[{"embeddable":true,"href":"https:\/\/cree-inter.net\/gare\/index.php\/wp-json\/wp\/v2\/pages\/28"}],"wp:attachment":[{"href":"https:\/\/cree-inter.net\/gare\/index.php\/wp-json\/wp\/v2\/media?parent=84"}],"curies":[{"name":"wp","href":"https:\/\/api.w.org\/{rel}","templated":true}]}}