{"id":150,"date":"2019-02-09T13:08:11","date_gmt":"2019-02-09T13:08:11","guid":{"rendered":"https:\/\/cree-inter.net\/gare\/?page_id=150"},"modified":"2019-02-09T13:08:11","modified_gmt":"2019-02-09T13:08:11","slug":"quels-sont-les-principes-de-la-gare","status":"publish","type":"page","link":"https:\/\/cree-inter.net\/gare\/index.php\/gar-et-education\/faq\/quels-sont-les-principes-de-la-gare\/","title":{"rendered":"Quels sont les principes de la GAR\u00c9?"},"content":{"rendered":"\n<p>\nLa\nGAR\u00c9 repose sur de nombreux principes dont les plus importants sont la\npr\u00e9pond\u00e9rance des r\u00e9sultats externes (r\u00e9ussite scolaire, insertion socio\nprofessionnelle, \u2026), la mesure et l\u2019\u00e9valuation continue des performances des\n\u00e9coles, l\u2019imputabilit\u00e9 et la reddition des comptes.\n\n<\/p>\n\n\n\n<figure class=\"wp-block-image\"><img loading=\"lazy\" decoding=\"async\" width=\"421\" height=\"240\" src=\"https:\/\/cree-inter.net\/gare\/wp-content\/uploads\/Q6-Typologie.png\" alt=\"\" class=\"wp-image-151\" srcset=\"https:\/\/cree-inter.net\/gare\/wp-content\/uploads\/Q6-Typologie.png 421w, https:\/\/cree-inter.net\/gare\/wp-content\/uploads\/Q6-Typologie-300x171.png 300w\" sizes=\"auto, (max-width: 421px) 100vw, 421px\" \/><\/figure>\n","protected":false},"excerpt":{"rendered":"<p>La GAR\u00c9 repose sur de nombreux principes dont les plus importants sont la pr\u00e9pond\u00e9rance des r\u00e9sultats externes (r\u00e9ussite scolaire, insertion socio professionnelle, \u2026), la mesure et l\u2019\u00e9valuation continue des performances des \u00e9coles, l\u2019imputabilit\u00e9 et la reddition des comptes.<\/p>\n","protected":false},"author":3,"featured_media":0,"parent":126,"menu_order":0,"comment_status":"closed","ping_status":"closed","template":"","meta":{"footnotes":""},"class_list":["post-150","page","type-page","status-publish","hentry"],"_links":{"self":[{"href":"https:\/\/cree-inter.net\/gare\/index.php\/wp-json\/wp\/v2\/pages\/150","targetHints":{"allow":["GET"]}}],"collection":[{"href":"https:\/\/cree-inter.net\/gare\/index.php\/wp-json\/wp\/v2\/pages"}],"about":[{"href":"https:\/\/cree-inter.net\/gare\/index.php\/wp-json\/wp\/v2\/types\/page"}],"author":[{"embeddable":true,"href":"https:\/\/cree-inter.net\/gare\/index.php\/wp-json\/wp\/v2\/users\/3"}],"replies":[{"embeddable":true,"href":"https:\/\/cree-inter.net\/gare\/index.php\/wp-json\/wp\/v2\/comments?post=150"}],"version-history":[{"count":1,"href":"https:\/\/cree-inter.net\/gare\/index.php\/wp-json\/wp\/v2\/pages\/150\/revisions"}],"predecessor-version":[{"id":152,"href":"https:\/\/cree-inter.net\/gare\/index.php\/wp-json\/wp\/v2\/pages\/150\/revisions\/152"}],"up":[{"embeddable":true,"href":"https:\/\/cree-inter.net\/gare\/index.php\/wp-json\/wp\/v2\/pages\/126"}],"wp:attachment":[{"href":"https:\/\/cree-inter.net\/gare\/index.php\/wp-json\/wp\/v2\/media?parent=150"}],"curies":[{"name":"wp","href":"https:\/\/api.w.org\/{rel}","templated":true}]}}