{"id":130,"date":"2019-02-09T12:56:30","date_gmt":"2019-02-09T12:56:30","guid":{"rendered":"https:\/\/cree-inter.net\/gare\/?page_id=130"},"modified":"2019-02-09T12:56:48","modified_gmt":"2019-02-09T12:56:48","slug":"comment-definir-gestion-axees-sur-les-resultats","status":"publish","type":"page","link":"https:\/\/cree-inter.net\/gare\/index.php\/gar-et-education\/faq\/comment-definir-gestion-axees-sur-les-resultats\/","title":{"rendered":"Comment d\u00e9finir gestion ax\u00e9es sur les r\u00e9sultats?"},"content":{"rendered":"\n<p>\nLa gestion par r\u00e9sultats (GPR), ou la gestion ax\u00e9e sur les r\u00e9sultats, \nest un cadre de gestion de la performance publique articul\u00e9 autour de \ntrois liens logiques \u00e9tablis entre la qualit\u00e9 des services aux citoyens,\n l\u2019optimisation des ressources et des moyens disponibles et \nl\u2019imputabilit\u00e9 des gestionnaires publics (Mazouz et Leclerc, 2008).\n\nSource : <a href=\"http:\/\/www.dictionnaire.enap.ca\/\">www.dictionnaire.enap.ca<\/a><\/p>\n\n\n\n<figure class=\"wp-block-image\"><img loading=\"lazy\" decoding=\"async\" width=\"453\" height=\"183\" src=\"https:\/\/cree-inter.net\/gare\/wp-content\/uploads\/Mazouz-et-Leclerc-2008_0.jpg\" alt=\"\" class=\"wp-image-131\" srcset=\"https:\/\/cree-inter.net\/gare\/wp-content\/uploads\/Mazouz-et-Leclerc-2008_0.jpg 453w, https:\/\/cree-inter.net\/gare\/wp-content\/uploads\/Mazouz-et-Leclerc-2008_0-300x121.jpg 300w\" sizes=\"auto, (max-width: 453px) 100vw, 453px\" \/><\/figure>\n","protected":false},"excerpt":{"rendered":"<p>La gestion par r\u00e9sultats (GPR), ou la gestion ax\u00e9e sur les r\u00e9sultats, est un cadre de gestion de la performance publique articul\u00e9 autour de trois liens logiques \u00e9tablis entre la qualit\u00e9 des services aux citoyens, l\u2019optimisation des ressources et des &hellip;<\/p>\n<p><a href=\"https:\/\/cree-inter.net\/gare\/index.php\/gar-et-education\/faq\/comment-definir-gestion-axees-sur-les-resultats\/\">Continue Reading<span class=\"meta-nav\">&rarr;<\/span><\/a><\/p>\n","protected":false},"author":3,"featured_media":0,"parent":126,"menu_order":0,"comment_status":"closed","ping_status":"closed","template":"","meta":{"footnotes":""},"class_list":["post-130","page","type-page","status-publish","hentry"],"_links":{"self":[{"href":"https:\/\/cree-inter.net\/gare\/index.php\/wp-json\/wp\/v2\/pages\/130","targetHints":{"allow":["GET"]}}],"collection":[{"href":"https:\/\/cree-inter.net\/gare\/index.php\/wp-json\/wp\/v2\/pages"}],"about":[{"href":"https:\/\/cree-inter.net\/gare\/index.php\/wp-json\/wp\/v2\/types\/page"}],"author":[{"embeddable":true,"href":"https:\/\/cree-inter.net\/gare\/index.php\/wp-json\/wp\/v2\/users\/3"}],"replies":[{"embeddable":true,"href":"https:\/\/cree-inter.net\/gare\/index.php\/wp-json\/wp\/v2\/comments?post=130"}],"version-history":[{"count":1,"href":"https:\/\/cree-inter.net\/gare\/index.php\/wp-json\/wp\/v2\/pages\/130\/revisions"}],"predecessor-version":[{"id":132,"href":"https:\/\/cree-inter.net\/gare\/index.php\/wp-json\/wp\/v2\/pages\/130\/revisions\/132"}],"up":[{"embeddable":true,"href":"https:\/\/cree-inter.net\/gare\/index.php\/wp-json\/wp\/v2\/pages\/126"}],"wp:attachment":[{"href":"https:\/\/cree-inter.net\/gare\/index.php\/wp-json\/wp\/v2\/media?parent=130"}],"curies":[{"name":"wp","href":"https:\/\/api.w.org\/{rel}","templated":true}]}}